{"id":2180,"date":"2025-12-16T08:37:47","date_gmt":"2025-12-16T08:37:47","guid":{"rendered":"https:\/\/krsko2050.si\/?page_id=2180"},"modified":"2026-04-14T18:56:44","modified_gmt":"2026-04-14T18:56:44","slug":"homepage-3","status":"publish","type":"page","link":"https:\/\/krsko2050.si\/","title":{"rendered":"Homepage"},"content":{"rendered":"\t<div class=\"cnvs-block-section cnvs-block-section-1766694933190 cnvs-block-section-layout-full cnvs-block-section-fullwidth\" >\n\t\t<div class=\"cnvs-block-section-outer\" style=\"\">\n\t\t\t<div class=\"cnvs-block-section-inner\">\n\t\t\t\t\n\n<div class=\"cnvs-block-section-content cnvs-block-section-content-1766694972594\" >\n\t<div class=\"cnvs-block-section-content-inner\">\n\t\t\n\n<p class=\"has-text-align-left announcement-bar cnvs-block-core-paragraph-1766698233425\" style=\"padding-top:0;padding-bottom:0;font-size:15px\"><a href=\"https:\/\/krsko2050.si\/?p=2698\">Dobrodo\u0161li na portalu. K sodelovanju vabimo zainteresirano strokovno javnost. Prispevajte znanje, mnenje ali podporo. Vabljeni.\u2192 <\/a><\/p>\n\n\t<\/div>\n<\/div>\n\n\t\t\t<\/div>\n\t\t<\/div>\n\t<\/div>\n\n\t\n\n\t<div class=\"cnvs-block-section cnvs-block-section-1588150035176 cnvs-block-section-layout-full cnvs-block-section-fullwidth\" >\n\t\t<div class=\"cnvs-block-section-outer\" style=\"\">\n\t\t\t<div class=\"cnvs-block-section-inner\">\n\t\t\t\t\n\n<div class=\"cnvs-block-section-content cnvs-block-section-content-1588150037039\" >\n\t<div class=\"cnvs-block-section-content-inner\">\n\t\t\n\n<div class=\"cnvs-block-row cnvs-block-row-1588150041810 cnvs-block-row-columns-2\" >\n\t<div class=\"cnvs-block-row-inner\">\n\t\t\n\n<div class=\"cnvs-block-column cnvs-block-column-1588150041901\" >\n\t<div class=\"cnvs-block-column-inner\">\n\t\t<div>\n\t\t\t\n\n<div class=\"wp-block-group\"><div class=\"wp-block-group__inner-container is-layout-flow wp-block-group-is-layout-flow\">\t<div class=\"cnvs-block-posts cnvs-block-posts-1588149789936 cnvs-block-posts-layout-tile-type-1\" data-layout=\"tile-type-1\" data-min-height=\"360px\">\n\t\t<div class=\"cs-posts-area\" data-posts-area=\"\">\n\t\t\t<div class=\"cs-posts-area__outer\">\n\t\t\t\t<div class=\"cs-posts-area__main cs-block-posts-layout-tile-type-1 cs-display-column\">\n\t\t\t\t\t<article class=\" cs-overlay-gradient post-3326 post type-post status-publish format-standard has-post-thumbnail category-aktualno category-energetika-jek2 category-energetika-jek2-hero cs-entry cs-video-wrap\">\n\t<div class=\"cs-entry__outer cs-entry__overlay cs-overlay-ratio cs-ratio-stretch\" data-scheme=\"inverse\">\n\t\t\t\t\t<div class=\"cs-entry__inner cs-entry__thumbnail\">\n\t\t\t\t\t\t<div class=\"cs-overlay-background\">\n\t\t\t<img loading=\"lazy\" decoding=\"async\" width=\"800\" height=\"500\" src=\"https:\/\/krsko2050.si\/wp-content\/uploads\/2026\/04\/JEK2-CRno-BEL-3-1-800x500.png\" class=\"attachment-csco-medium size-csco-medium wp-post-image\" alt=\"\" \/>\n\t\t\t\t\t<\/div>\n\t\t\t\t\t<\/div>\n\t\t\n\t\t<div class=\"cs-entry__inner cs-overlay-content cs-entry__content\">\n\t\t\t\n\t\t\t\t<h2 class=\"cs-entry__title cs-entry__title-line\">\n\t\t\t\t\t<a href=\"https:\/\/krsko2050.si\/?p=3326\">Projekt JEK2: Manj promocije, ve\u010d sodelovanja<\/a>\n\t\t\t<\/h2>\n\t\n\t\t\t\t\t\t<div class=\"cs-entry__excerpt\">\n\t\t\t\tKljub temu da je JEK2 za Kr\u0161ko najpomembnej\u0161a razvojna odlo\u010ditev v zadnjih petdesetih letih, pri klju\u010dnih vpra\u0161anjih trenutno \u0161e ni jasno, kak\u0161ne vplive projekt prina\u0161a v prostor in okolje. \t\t\t<\/div>\n\t\t\t\n\t\t\t\t\t<\/div>\n\n\t\t<a href=\"https:\/\/krsko2050.si\/?p=3326\" class=\"cs-overlay-link\"><\/a>\n\t<\/div>\n<\/article>\n\t\t\t\t<\/div>\n\t\t\t<\/div>\n\n\t\t\t\t\t<\/div>\n\t<\/div>\n\t\n\n\t<div class=\"cnvs-block-posts cnvs-block-posts-1588149921973 cnvs-block-posts-layout-tile-type-1\" data-layout=\"tile-type-1\" data-min-height=\"initial\">\n\t\t<div class=\"cs-posts-area\" data-posts-area=\"\">\n\t\t\t<div class=\"cs-posts-area__outer\">\n\t\t\t\t<div class=\"cs-posts-area__main cs-block-posts-layout-tile-type-1\">\n\t\t\t\t\t<article class=\" cs-overlay-gradient post-3134 post type-post status-publish format-standard has-post-thumbnail category-aktualno category-urbanizem category-urbanizem-hero cs-entry cs-video-wrap\">\n\t<div class=\"cs-entry__outer cs-entry__overlay cs-overlay-ratio cs-ratio-landscape-16-9\" data-scheme=\"inverse\">\n\t\t\t\t\t<div class=\"cs-entry__inner cs-entry__thumbnail\">\n\t\t\t\t\t\t<div class=\"cs-overlay-background\">\n\t\t\t<img loading=\"lazy\" decoding=\"async\" width=\"728\" height=\"546\" src=\"https:\/\/krsko2050.si\/wp-content\/uploads\/2026\/01\/A-city-is-not-a-tree.png\" class=\"attachment-medium_large size-medium_large wp-post-image\" alt=\"\" srcset=\"https:\/\/krsko2050.si\/wp-content\/uploads\/2026\/01\/A-city-is-not-a-tree.png 728w, https:\/\/krsko2050.si\/wp-content\/uploads\/2026\/01\/A-city-is-not-a-tree-300x225.png 300w, https:\/\/krsko2050.si\/wp-content\/uploads\/2026\/01\/A-city-is-not-a-tree-200x150.png 200w, https:\/\/krsko2050.si\/wp-content\/uploads\/2026\/01\/A-city-is-not-a-tree-260x195.png 260w, https:\/\/krsko2050.si\/wp-content\/uploads\/2026\/01\/A-city-is-not-a-tree-380x285.png 380w\" sizes=\"auto, (max-width: 728px) 100vw, 728px\" \/>\n\t\t\t\t\t<\/div>\n\t\t\t\t\t<\/div>\n\t\t\n\t\t<div class=\"cs-entry__inner cs-overlay-content cs-entry__content\">\n\t\t\t\n\t\t\t\t<h2 class=\"cs-entry__title cs-entry__title-line\">\n\t\t\t\t\t<a href=\"https:\/\/krsko2050.si\/?p=3134\">Mesto ni drevo<\/a>\n\t\t\t<\/h2>\n\t\n\t\t\t\t\t\t<div class=\"cs-entry__excerpt\">\n\t\t\t\tKr\u0161ko je funkcionalno razvito mesto, omogo\u010da vsakdanje \u017eivljenje, vendar mu \n manjka kakovosten urbani utrip. Deli&hellip;\t\t\t<\/div>\n\t\t\t\n\t\t\t\t\t<\/div>\n\n\t\t<a href=\"https:\/\/krsko2050.si\/?p=3134\" class=\"cs-overlay-link\"><\/a>\n\t<\/div>\n<\/article>\n<article class=\" cs-overlay-gradient post-2974 post type-post status-publish format-standard has-post-thumbnail category-polemicno category-premislek cs-entry cs-video-wrap\">\n\t<div class=\"cs-entry__outer cs-entry__overlay cs-overlay-ratio cs-ratio-landscape-16-9\" data-scheme=\"inverse\">\n\t\t\t\t\t<div class=\"cs-entry__inner cs-entry__thumbnail\">\n\t\t\t\t\t\t<div class=\"cs-overlay-background\">\n\t\t\t<img loading=\"lazy\" decoding=\"async\" width=\"768\" height=\"404\" src=\"https:\/\/krsko2050.si\/wp-content\/uploads\/2025\/12\/Slika-02.3-Crnobel-768x404.jpg\" class=\"attachment-medium_large size-medium_large wp-post-image\" alt=\"\" srcset=\"https:\/\/krsko2050.si\/wp-content\/uploads\/2025\/12\/Slika-02.3-Crnobel-768x404.jpg 768w, https:\/\/krsko2050.si\/wp-content\/uploads\/2025\/12\/Slika-02.3-Crnobel-300x158.jpg 300w, https:\/\/krsko2050.si\/wp-content\/uploads\/2025\/12\/Slika-02.3-Crnobel-1024x539.jpg 1024w, https:\/\/krsko2050.si\/wp-content\/uploads\/2025\/12\/Slika-02.3-Crnobel-380x200.jpg 380w, https:\/\/krsko2050.si\/wp-content\/uploads\/2025\/12\/Slika-02.3-Crnobel-800x421.jpg 800w, https:\/\/krsko2050.si\/wp-content\/uploads\/2025\/12\/Slika-02.3-Crnobel-1160x611.jpg 1160w, https:\/\/krsko2050.si\/wp-content\/uploads\/2025\/12\/Slika-02.3-Crnobel.jpg 1200w\" sizes=\"auto, (max-width: 768px) 100vw, 768px\" \/>\n\t\t\t\t\t<\/div>\n\t\t\t\t\t<\/div>\n\t\t\n\t\t<div class=\"cs-entry__inner cs-overlay-content cs-entry__content\">\n\t\t\t\n\t\t\t\t<h2 class=\"cs-entry__title cs-entry__title-line\">\n\t\t\t\t\t<a href=\"https:\/\/krsko2050.si\/?p=2974\">Premislek 4.del &#8211; Urbana kultura zadiha s prostorom<\/a>\n\t\t\t<\/h2>\n\t\n\t\t\t\t\t\t<div class=\"cs-entry__excerpt\">\n\t\t\t\tPri razvoju mesta se obi\u010dajno ukvarjamo s konkretnimi projekti, stavbami, cestami, investicijami. Izjemoma si vzamemo&hellip;\t\t\t<\/div>\n\t\t\t\n\t\t\t\t\t<\/div>\n\n\t\t<a href=\"https:\/\/krsko2050.si\/?p=2974\" class=\"cs-overlay-link\"><\/a>\n\t<\/div>\n<\/article>\n\t\t\t\t<\/div>\n\t\t\t<\/div>\n\n\t\t\t\t\t<\/div>\n\t<\/div>\n\t<\/div><\/div>\n\n\t\t<\/div>\n\t<\/div>\n<\/div>\n\n\n\n<div class=\"cnvs-block-column cnvs-block-column-1588150041952\" >\n\t<div class=\"cnvs-block-column-inner\">\n\t\t<div>\n\t\t\t\n\n<div class=\"wp-block-group cnvs-block-core-group-1588153498075\"><div class=\"wp-block-group__inner-container is-layout-flow wp-block-group-is-layout-flow\">\n<div class=\"cnvs-block-row cnvs-block-row-1588150116722 cnvs-block-row-columns-2\" >\n\t<div class=\"cnvs-block-row-inner\">\n\t\t\n\n<div class=\"cnvs-block-column cnvs-block-column-1588150117016\" >\n\t<div class=\"cnvs-block-column-inner\">\n\t\t<div>\n\t\t\t\t\t<\/div>\n\t<\/div>\n<\/div>\n\n\n\n<div class=\"cnvs-block-column cnvs-block-column-1588150117067\" >\n\t<div class=\"cnvs-block-column-inner\">\n\t\t<div>\n\t\t\t\n\n<h2 id=\"aktualno\" class=\"cnvs-block-section-heading cnvs-block-section-heading-1588150144143 is-style-cnvs-block-section-heading-1 haligncenter\" >\n\t<span class=\"cnvs-section-title\">\n\t\t<span><strong>Aktualno<\/strong><\/span>\n\t<\/span>\n<\/h2>\n\n\t\t<\/div>\n\t<\/div>\n<\/div>\n\n\t<\/div>\n<\/div>\n\n\n\t<div class=\"cnvs-block-posts cnvs-block-posts-1588149537258 cnvs-block-posts-layout-horizontal-type-2\" data-layout=\"horizontal-type-2\" data-min-height=\"\">\n\t\t<div class=\"cs-posts-area\" data-posts-area=\"\">\n\t\t\t<div class=\"cs-posts-area__outer\">\n\t\t\t\t<div class=\"cs-posts-area__main cs-block-posts-layout-horizontal-type-2 cs-display-column\">\n\t\t\t\t\t\n<article class=\"post-3326 post type-post status-publish format-standard has-post-thumbnail category-aktualno category-energetika-jek2 category-energetika-jek2-hero cs-entry cs-video-wrap\">\n\t<div class=\"cs-entry__outer\">\n\t\t\t\t\t<div class=\"cs-entry__inner cs-entry__thumbnail cs-entry__overlay cs-overlay-ratio cs-ratio-square\">\n\t\t\t\t<div class=\"cs-overlay-background cs-overlay-transparent\">\n\t\t\t\t\t<img loading=\"lazy\" decoding=\"async\" width=\"80\" height=\"80\" src=\"https:\/\/krsko2050.si\/wp-content\/uploads\/2026\/04\/JEK2-CRno-BEL-3-1-80x80.png\" class=\"attachment-csco-smaller size-csco-smaller wp-post-image\" alt=\"\" srcset=\"https:\/\/krsko2050.si\/wp-content\/uploads\/2026\/04\/JEK2-CRno-BEL-3-1-80x80.png 80w, https:\/\/krsko2050.si\/wp-content\/uploads\/2026\/04\/JEK2-CRno-BEL-3-1-150x150.png 150w, https:\/\/krsko2050.si\/wp-content\/uploads\/2026\/04\/JEK2-CRno-BEL-3-1-110x110.png 110w\" sizes=\"auto, (max-width: 80px) 100vw, 80px\" \/>\n\t\t\t\t\t\n\t\t\t\t\t\t\t\t\t<\/div>\n\t\t\t\t<a class=\"cs-overlay-link\" href=\"https:\/\/krsko2050.si\/?p=3326\"><\/a>\n\t\t\t<\/div>\n\t\t\t\n\t\t<div class=\"cs-entry__inner cs-entry__content \">\n\t\t\t\t<h2 class=\"cs-entry__title \">\n\t\t\t\t\t<a href=\"https:\/\/krsko2050.si\/?p=3326\">Projekt JEK2: Manj promocije, ve\u010d sodelovanja<\/a>\n\t\t\t<\/h2>\n\t\n\t\t\t\n\t\t\t\t\t<\/div>\n\t<\/div>\n<\/article>\n\n<article class=\"post-3134 post type-post status-publish format-standard has-post-thumbnail category-aktualno category-urbanizem category-urbanizem-hero cs-entry cs-video-wrap\">\n\t<div class=\"cs-entry__outer\">\n\t\t\t\t\t<div class=\"cs-entry__inner cs-entry__thumbnail cs-entry__overlay cs-overlay-ratio cs-ratio-square\">\n\t\t\t\t<div class=\"cs-overlay-background cs-overlay-transparent\">\n\t\t\t\t\t<img loading=\"lazy\" decoding=\"async\" width=\"80\" height=\"80\" src=\"https:\/\/krsko2050.si\/wp-content\/uploads\/2026\/01\/A-city-is-not-a-tree-80x80.png\" class=\"attachment-csco-smaller size-csco-smaller wp-post-image\" alt=\"\" srcset=\"https:\/\/krsko2050.si\/wp-content\/uploads\/2026\/01\/A-city-is-not-a-tree-80x80.png 80w, https:\/\/krsko2050.si\/wp-content\/uploads\/2026\/01\/A-city-is-not-a-tree-150x150.png 150w, https:\/\/krsko2050.si\/wp-content\/uploads\/2026\/01\/A-city-is-not-a-tree-110x110.png 110w\" sizes=\"auto, (max-width: 80px) 100vw, 80px\" \/>\n\t\t\t\t\t\n\t\t\t\t\t\t\t\t\t<\/div>\n\t\t\t\t<a class=\"cs-overlay-link\" href=\"https:\/\/krsko2050.si\/?p=3134\"><\/a>\n\t\t\t<\/div>\n\t\t\t\n\t\t<div class=\"cs-entry__inner cs-entry__content \">\n\t\t\t\t<h2 class=\"cs-entry__title \">\n\t\t\t\t\t<a href=\"https:\/\/krsko2050.si\/?p=3134\">Mesto ni drevo<\/a>\n\t\t\t<\/h2>\n\t\n\t\t\t\n\t\t\t\t\t<\/div>\n\t<\/div>\n<\/article>\n\n<article class=\"post-2336 post type-post status-publish format-standard has-post-thumbnail category-aktualno category-energetika-jek2 category-urbanizem cs-entry cs-video-wrap\">\n\t<div class=\"cs-entry__outer\">\n\t\t\t\t\t<div class=\"cs-entry__inner cs-entry__thumbnail cs-entry__overlay cs-overlay-ratio cs-ratio-square\">\n\t\t\t\t<div class=\"cs-overlay-background cs-overlay-transparent\">\n\t\t\t\t\t<img loading=\"lazy\" decoding=\"async\" width=\"80\" height=\"80\" src=\"https:\/\/krsko2050.si\/wp-content\/uploads\/2025\/12\/Slika-03-80x80.jpg\" class=\"attachment-csco-smaller size-csco-smaller wp-post-image\" alt=\"\" srcset=\"https:\/\/krsko2050.si\/wp-content\/uploads\/2025\/12\/Slika-03-80x80.jpg 80w, https:\/\/krsko2050.si\/wp-content\/uploads\/2025\/12\/Slika-03-150x150.jpg 150w, https:\/\/krsko2050.si\/wp-content\/uploads\/2025\/12\/Slika-03-110x110.jpg 110w\" sizes=\"auto, (max-width: 80px) 100vw, 80px\" \/>\n\t\t\t\t\t\n\t\t\t\t\t\t\t\t\t<\/div>\n\t\t\t\t<a class=\"cs-overlay-link\" href=\"https:\/\/krsko2050.si\/?p=2336\"><\/a>\n\t\t\t<\/div>\n\t\t\t\n\t\t<div class=\"cs-entry__inner cs-entry__content \">\n\t\t\t\t<h2 class=\"cs-entry__title \">\n\t\t\t\t\t<a href=\"https:\/\/krsko2050.si\/?p=2336\">Mestni izzivi 2.del \u2013 Ali je predlog umestitve JEK2 sprejemljiv?<\/a>\n\t\t\t<\/h2>\n\t\n\t\t\t\n\t\t\t\t\t<\/div>\n\t<\/div>\n<\/article>\n\t\t\t\t<\/div>\n\t\t\t<\/div>\n\n\t\t\t\t\t<\/div>\n\t<\/div>\n\t\n\n\n<div class=\"cnvs-block-row cnvs-block-row-1766612580130 cnvs-block-row-columns-2\" >\n\t<div class=\"cnvs-block-row-inner\">\n\t\t\n\n<div class=\"cnvs-block-column cnvs-block-column-1766612580101\" >\n\t<div class=\"cnvs-block-column-inner\">\n\t\t<div>\n\t\t\t\t\t<\/div>\n\t<\/div>\n<\/div>\n\n\n\n<div class=\"cnvs-block-column cnvs-block-column-1766612580121\" >\n\t<div class=\"cnvs-block-column-inner\">\n\t\t<div>\n\t\t\t\n\n<h2 id=\"polemicno\" class=\"cnvs-block-section-heading cnvs-block-section-heading-1766612580111 is-style-cnvs-block-section-heading-1 haligncenter\" >\n\t<span class=\"cnvs-section-title\">\n\t\t<span><strong>polemi\u010dno<\/strong><\/span>\n\t<\/span>\n<\/h2>\n\n\t\t<\/div>\n\t<\/div>\n<\/div>\n\n\t<\/div>\n<\/div>\n\n\n\t<div class=\"cnvs-block-posts cnvs-block-posts-1766612538860 cnvs-block-posts-layout-horizontal-type-2\" data-layout=\"horizontal-type-2\" data-min-height=\"\">\n\t\t<div class=\"cs-posts-area\" data-posts-area=\"\">\n\t\t\t<div class=\"cs-posts-area__outer\">\n\t\t\t\t<div class=\"cs-posts-area__main cs-block-posts-layout-horizontal-type-2 cs-display-column\">\n\t\t\t\t\t\n<article class=\"post-2974 post type-post status-publish format-standard has-post-thumbnail category-polemicno category-premislek cs-entry cs-video-wrap\">\n\t<div class=\"cs-entry__outer\">\n\t\t\t\t\t<div class=\"cs-entry__inner cs-entry__thumbnail cs-entry__overlay cs-overlay-ratio cs-ratio-square\">\n\t\t\t\t<div class=\"cs-overlay-background cs-overlay-transparent\">\n\t\t\t\t\t<img loading=\"lazy\" decoding=\"async\" width=\"80\" height=\"80\" src=\"https:\/\/krsko2050.si\/wp-content\/uploads\/2025\/12\/Slika-02.3-Crnobel-80x80.jpg\" class=\"attachment-csco-smaller size-csco-smaller wp-post-image\" alt=\"\" srcset=\"https:\/\/krsko2050.si\/wp-content\/uploads\/2025\/12\/Slika-02.3-Crnobel-80x80.jpg 80w, https:\/\/krsko2050.si\/wp-content\/uploads\/2025\/12\/Slika-02.3-Crnobel-150x150.jpg 150w, https:\/\/krsko2050.si\/wp-content\/uploads\/2025\/12\/Slika-02.3-Crnobel-110x110.jpg 110w\" sizes=\"auto, (max-width: 80px) 100vw, 80px\" \/>\n\t\t\t\t\t\n\t\t\t\t\t\t\t\t\t<\/div>\n\t\t\t\t<a class=\"cs-overlay-link\" href=\"https:\/\/krsko2050.si\/?p=2974\"><\/a>\n\t\t\t<\/div>\n\t\t\t\n\t\t<div class=\"cs-entry__inner cs-entry__content \">\n\t\t\t\t<h2 class=\"cs-entry__title \">\n\t\t\t\t\t<a href=\"https:\/\/krsko2050.si\/?p=2974\">Premislek 4.del &#8211; Urbana kultura zadiha s prostorom<\/a>\n\t\t\t<\/h2>\n\t\n\t\t\t\n\t\t\t\t\t<\/div>\n\t<\/div>\n<\/article>\n\n<article class=\"post-3005 post type-post status-publish format-standard has-post-thumbnail category-polemicno category-premislek cs-entry cs-video-wrap\">\n\t<div class=\"cs-entry__outer\">\n\t\t\t\t\t<div class=\"cs-entry__inner cs-entry__thumbnail cs-entry__overlay cs-overlay-ratio cs-ratio-square\">\n\t\t\t\t<div class=\"cs-overlay-background cs-overlay-transparent\">\n\t\t\t\t\t<img loading=\"lazy\" decoding=\"async\" width=\"80\" height=\"80\" src=\"https:\/\/krsko2050.si\/wp-content\/uploads\/2025\/12\/Slika-01-80x80.jpg\" class=\"attachment-csco-smaller size-csco-smaller wp-post-image\" alt=\"\" srcset=\"https:\/\/krsko2050.si\/wp-content\/uploads\/2025\/12\/Slika-01-80x80.jpg 80w, https:\/\/krsko2050.si\/wp-content\/uploads\/2025\/12\/Slika-01-150x150.jpg 150w, https:\/\/krsko2050.si\/wp-content\/uploads\/2025\/12\/Slika-01-110x110.jpg 110w\" sizes=\"auto, (max-width: 80px) 100vw, 80px\" \/>\n\t\t\t\t\t\n\t\t\t\t\t\t\t\t\t<\/div>\n\t\t\t\t<a class=\"cs-overlay-link\" href=\"https:\/\/krsko2050.si\/?p=3005\"><\/a>\n\t\t\t<\/div>\n\t\t\t\n\t\t<div class=\"cs-entry__inner cs-entry__content \">\n\t\t\t\t<h2 class=\"cs-entry__title \">\n\t\t\t\t\t<a href=\"https:\/\/krsko2050.si\/?p=3005\">Premislek 3. del &#8211; Kultura sodelovanja in veliki projekti<\/a>\n\t\t\t<\/h2>\n\t\n\t\t\t\n\t\t\t\t\t<\/div>\n\t<\/div>\n<\/article>\n\t\t\t\t<\/div>\n\t\t\t<\/div>\n\n\t\t\t\t\t<\/div>\n\t<\/div>\n\t<\/div><\/div>\n\n\t\t<\/div>\n\t<\/div>\n<\/div>\n\n\t<\/div>\n<\/div>\n\n\t<\/div>\n<\/div>\n\n\t\t\t<\/div>\n\t\t<\/div>\n\t<\/div>\n\n\t\n\n\t<div class=\"cnvs-block-section cnvs-block-section-1588662109181 cnvs-block-section-layout-full cnvs-block-section-fullwidth cnvs-block-section-with-background-color\" >\n\t\t<div class=\"cnvs-block-section-outer\" style=\"\">\n\t\t\t<div class=\"cnvs-block-section-inner\">\n\t\t\t\t\n\n<div class=\"cnvs-block-section-content cnvs-block-section-content-1588662115692\" >\n\t<div class=\"cnvs-block-section-content-inner\">\n\t\t\n\n<h2 id=\"vec-o-iniciativi-krsko-2050\" class=\"cnvs-block-section-heading cnvs-block-section-heading-1588662387093 is-style-cnvs-block-section-heading-default halignleft\" >\n\t<span class=\"cnvs-section-title\">\n\t\t<span>Ve\u010d o iniciativi KR\u0160KO 2050<\/span>\n\t<\/span>\n<\/h2>\n\n\n\n<div class=\"cnvs-block-row cnvs-block-row-1588662123620 cnvs-block-row-columns-3\" >\n\t<div class=\"cnvs-block-row-inner\">\n\t\t\n\n<div class=\"cnvs-block-column cnvs-block-column-1588662123689\" >\n\t<div class=\"cnvs-block-column-inner\">\n\t\t<div>\n\t\t\t\n\t<div class=\"cnvs-block-posts cnvs-block-posts-1588662340370 cnvs-block-posts-layout-tile-type-1\" data-layout=\"tile-type-1\" data-min-height=\"initial\">\n\t\t<div class=\"cs-posts-area\" data-posts-area=\"\">\n\t\t\t<div class=\"cs-posts-area__outer\">\n\t\t\t\t<div class=\"cs-posts-area__main cs-block-posts-layout-tile-type-1 cs-display-column\">\n\t\t\t\t\t<article class=\"post-3298 post type-post status-publish format-standard has-post-thumbnail category-o-iniciativi category-razvojni-okvir-krsko-2050 category-uncategorized cs-entry cs-video-wrap\">\n\t<div class=\"cs-entry__outer cs-entry__overlay cs-overlay-ratio cs-ratio-stretch\" data-scheme=\"inverse\">\n\t\t\t\t\t<div class=\"cs-entry__inner cs-entry__thumbnail\">\n\t\t\t\t\t\t<div class=\"cs-overlay-background\">\n\t\t\t<img loading=\"lazy\" decoding=\"async\" width=\"768\" height=\"589\" src=\"https:\/\/krsko2050.si\/wp-content\/uploads\/2025\/12\/Panorama_Videm-Krsko-768x589.jpg\" class=\"attachment-medium_large size-medium_large wp-post-image\" alt=\"\" srcset=\"https:\/\/krsko2050.si\/wp-content\/uploads\/2025\/12\/Panorama_Videm-Krsko-768x589.jpg 768w, https:\/\/krsko2050.si\/wp-content\/uploads\/2025\/12\/Panorama_Videm-Krsko-300x230.jpg 300w, https:\/\/krsko2050.si\/wp-content\/uploads\/2025\/12\/Panorama_Videm-Krsko-1024x785.jpg 1024w, https:\/\/krsko2050.si\/wp-content\/uploads\/2025\/12\/Panorama_Videm-Krsko-1536x1177.jpg 1536w, https:\/\/krsko2050.si\/wp-content\/uploads\/2025\/12\/Panorama_Videm-Krsko-2048x1570.jpg 2048w, https:\/\/krsko2050.si\/wp-content\/uploads\/2025\/12\/Panorama_Videm-Krsko-380x291.jpg 380w, https:\/\/krsko2050.si\/wp-content\/uploads\/2025\/12\/Panorama_Videm-Krsko-800x613.jpg 800w, https:\/\/krsko2050.si\/wp-content\/uploads\/2025\/12\/Panorama_Videm-Krsko-1160x889.jpg 1160w, https:\/\/krsko2050.si\/wp-content\/uploads\/2025\/12\/Panorama_Videm-Krsko-scaled.jpg 2560w\" sizes=\"auto, (max-width: 768px) 100vw, 768px\" \/>\n\t\t\t\t\t<\/div>\n\t\t\t\t\t<\/div>\n\t\t\n\t\t<div class=\"cs-entry__inner cs-overlay-content cs-entry__content\">\n\t\t\t\n\t\t\t\t<h2 class=\"cs-entry__title cs-entry__title-line\">\n\t\t\t\t\t<a href=\"https:\/\/krsko2050.si\/?p=3298\">O iniciativi &#8211; Manifest Kr\u0161ko 2050<\/a>\n\t\t\t<\/h2>\n\t\n\t\t\t\n\t\t\t\t\t<\/div>\n\n\t\t<a href=\"https:\/\/krsko2050.si\/?p=3298\" class=\"cs-overlay-link\"><\/a>\n\t<\/div>\n<\/article>\n\t\t\t\t<\/div>\n\t\t\t<\/div>\n\n\t\t\t\t\t<\/div>\n\t<\/div>\n\t\n\t\t<\/div>\n\t<\/div>\n<\/div>\n\n\n\n<div class=\"cnvs-block-column cnvs-block-column-1588662123728\" >\n\t<div class=\"cnvs-block-column-inner\">\n\t\t<div>\n\t\t\t\n\t<div class=\"cnvs-block-posts cnvs-block-posts-1588662133225 cnvs-block-posts-layout-tile-type-1\" data-layout=\"tile-type-1\" data-min-height=\"initial\">\n\t\t<div class=\"cs-posts-area\" data-posts-area=\"\">\n\t\t\t<div class=\"cs-posts-area__outer\">\n\t\t\t\t<div class=\"cs-posts-area__main cs-block-posts-layout-tile-type-1 cs-display-column\">\n\t\t\t\t\t<article class=\"post-2829 post type-post status-publish format-standard has-post-thumbnail category-polemicno category-premislek category-trenutek-zrelosti cs-entry cs-video-wrap\">\n\t<div class=\"cs-entry__outer cs-entry__overlay cs-overlay-ratio cs-ratio-stretch\" data-scheme=\"inverse\">\n\t\t\t\t\t<div class=\"cs-entry__inner cs-entry__thumbnail\">\n\t\t\t\t\t\t<div class=\"cs-overlay-background\">\n\t\t\t<img loading=\"lazy\" decoding=\"async\" width=\"768\" height=\"406\" src=\"https:\/\/krsko2050.si\/wp-content\/uploads\/2025\/12\/Screenshot-2025-12-26-at-14.26.05-768x406.png\" class=\"attachment-medium_large size-medium_large wp-post-image\" alt=\"\" srcset=\"https:\/\/krsko2050.si\/wp-content\/uploads\/2025\/12\/Screenshot-2025-12-26-at-14.26.05-768x406.png 768w, https:\/\/krsko2050.si\/wp-content\/uploads\/2025\/12\/Screenshot-2025-12-26-at-14.26.05-300x159.png 300w, https:\/\/krsko2050.si\/wp-content\/uploads\/2025\/12\/Screenshot-2025-12-26-at-14.26.05-1024x541.png 1024w, https:\/\/krsko2050.si\/wp-content\/uploads\/2025\/12\/Screenshot-2025-12-26-at-14.26.05-1536x812.png 1536w, https:\/\/krsko2050.si\/wp-content\/uploads\/2025\/12\/Screenshot-2025-12-26-at-14.26.05-380x201.png 380w, https:\/\/krsko2050.si\/wp-content\/uploads\/2025\/12\/Screenshot-2025-12-26-at-14.26.05-800x423.png 800w, https:\/\/krsko2050.si\/wp-content\/uploads\/2025\/12\/Screenshot-2025-12-26-at-14.26.05-1160x613.png 1160w, https:\/\/krsko2050.si\/wp-content\/uploads\/2025\/12\/Screenshot-2025-12-26-at-14.26.05.png 1538w\" sizes=\"auto, (max-width: 768px) 100vw, 768px\" \/>\n\t\t\t\t\t<\/div>\n\t\t\t\t\t<\/div>\n\t\t\n\t\t<div class=\"cs-entry__inner cs-overlay-content cs-entry__content\">\n\t\t\t\n\t\t\t\t<h2 class=\"cs-entry__title cs-entry__title-line\">\n\t\t\t\t\t<a href=\"https:\/\/krsko2050.si\/?p=2829\">Premislek 1.del &#8211; Trenutek zrelosti<\/a>\n\t\t\t<\/h2>\n\t\n\t\t\t\n\t\t\t\t\t<\/div>\n\n\t\t<a href=\"https:\/\/krsko2050.si\/?p=2829\" class=\"cs-overlay-link\"><\/a>\n\t<\/div>\n<\/article>\n\t\t\t\t<\/div>\n\t\t\t<\/div>\n\n\t\t\t\t\t<\/div>\n\t<\/div>\n\t\n\t\t<\/div>\n\t<\/div>\n<\/div>\n\n\n\n<div class=\"cnvs-block-column cnvs-block-column-1588662128979\" >\n\t<div class=\"cnvs-block-column-inner\">\n\t\t<div>\n\t\t\t\n\t<div class=\"cnvs-block-posts cnvs-block-posts-1588662321895 cnvs-block-posts-layout-tile-type-1\" data-layout=\"tile-type-1\" data-min-height=\"initial\">\n\t\t<div class=\"cs-posts-area\" data-posts-area=\"\">\n\t\t\t<div class=\"cs-posts-area__outer\">\n\t\t\t\t<div class=\"cs-posts-area__main cs-block-posts-layout-tile-type-1 cs-display-column\">\n\t\t\t\t\t<article class=\"post-2698 post type-post status-publish format-standard has-post-thumbnail category-povabilo-strokovni-javnosti cs-entry cs-video-wrap\">\n\t<div class=\"cs-entry__outer cs-entry__overlay cs-overlay-ratio cs-ratio-stretch\" data-scheme=\"inverse\">\n\t\t\t\t\t<div class=\"cs-entry__inner cs-entry__thumbnail\">\n\t\t\t\t\t\t<div class=\"cs-overlay-background\">\n\t\t\t<img loading=\"lazy\" decoding=\"async\" width=\"768\" height=\"407\" src=\"https:\/\/krsko2050.si\/wp-content\/uploads\/2025\/12\/Povabilo-768x407.png\" class=\"attachment-medium_large size-medium_large wp-post-image\" alt=\"\" srcset=\"https:\/\/krsko2050.si\/wp-content\/uploads\/2025\/12\/Povabilo-768x407.png 768w, https:\/\/krsko2050.si\/wp-content\/uploads\/2025\/12\/Povabilo-300x159.png 300w, https:\/\/krsko2050.si\/wp-content\/uploads\/2025\/12\/Povabilo-1024x543.png 1024w, https:\/\/krsko2050.si\/wp-content\/uploads\/2025\/12\/Povabilo-380x202.png 380w, https:\/\/krsko2050.si\/wp-content\/uploads\/2025\/12\/Povabilo-800x424.png 800w, https:\/\/krsko2050.si\/wp-content\/uploads\/2025\/12\/Povabilo-1160x615.png 1160w, https:\/\/krsko2050.si\/wp-content\/uploads\/2025\/12\/Povabilo.png 1533w\" sizes=\"auto, (max-width: 768px) 100vw, 768px\" \/>\n\t\t\t\t\t<\/div>\n\t\t\t\t\t<\/div>\n\t\t\n\t\t<div class=\"cs-entry__inner cs-overlay-content cs-entry__content\">\n\t\t\t\n\t\t\t\t<h2 class=\"cs-entry__title cs-entry__title-line\">\n\t\t\t\t\t<a href=\"https:\/\/krsko2050.si\/?p=2698\">Povabilo strokovni javnosti<\/a>\n\t\t\t<\/h2>\n\t\n\t\t\t\n\t\t\t\t\t<\/div>\n\n\t\t<a href=\"https:\/\/krsko2050.si\/?p=2698\" class=\"cs-overlay-link\"><\/a>\n\t<\/div>\n<\/article>\n\t\t\t\t<\/div>\n\t\t\t<\/div>\n\n\t\t\t\t\t<\/div>\n\t<\/div>\n\t\n\t\t<\/div>\n\t<\/div>\n<\/div>\n\n\t<\/div>\n<\/div>\n\n\t<\/div>\n<\/div>\n\n\t\t\t<\/div>\n\t\t<\/div>\n\t<\/div>\n\n\t\n\n\n\n\n\n\n\n\n\n\n\n","protected":false},"excerpt":{"rendered":"","protected":false},"author":1,"featured_media":0,"parent":0,"menu_order":0,"comment_status":"closed","ping_status":"closed","template":"template-canvas-fullwidth.php","meta":{"pagelayer_contact_templates":[],"_pagelayer_content":"","footnotes":""},"class_list":{"0":"post-2180","1":"page","2":"type-page","3":"status-publish","5":"cs-entry","6":"cs-video-wrap"},"_links":{"self":[{"href":"https:\/\/krsko2050.si\/index.php?rest_route=\/wp\/v2\/pages\/2180","targetHints":{"allow":["GET"]}}],"collection":[{"href":"https:\/\/krsko2050.si\/index.php?rest_route=\/wp\/v2\/pages"}],"about":[{"href":"https:\/\/krsko2050.si\/index.php?rest_route=\/wp\/v2\/types\/page"}],"author":[{"embeddable":true,"href":"https:\/\/krsko2050.si\/index.php?rest_route=\/wp\/v2\/users\/1"}],"replies":[{"embeddable":true,"href":"https:\/\/krsko2050.si\/index.php?rest_route=%2Fwp%2Fv2%2Fcomments&post=2180"}],"version-history":[{"count":159,"href":"https:\/\/krsko2050.si\/index.php?rest_route=\/wp\/v2\/pages\/2180\/revisions"}],"predecessor-version":[{"id":3353,"href":"https:\/\/krsko2050.si\/index.php?rest_route=\/wp\/v2\/pages\/2180\/revisions\/3353"}],"wp:attachment":[{"href":"https:\/\/krsko2050.si\/index.php?rest_route=%2Fwp%2Fv2%2Fmedia&parent=2180"}],"curies":[{"name":"wp","href":"https:\/\/api.w.org\/{rel}","templated":true}]}}